{"id":1164,"date":"2017-09-25T12:52:13","date_gmt":"2017-09-25T11:52:13","guid":{"rendered":"https:\/\/maranatha.hr\/?page_id=1164"},"modified":"2018-10-22T08:23:52","modified_gmt":"2018-10-22T07:23:52","slug":"gruendung-einer-gesellschaft-in-kroatien-durch-auslaender","status":"publish","type":"page","link":"https:\/\/maranatha.hr\/de\/dienstleistungen\/gruendung-einer-gesellschaft-in-kroatien-durch-auslaender\/","title":{"rendered":"Gr\u00fcndung einer Gesellschaft in Kroatien durch Ausl\u00e4nder"},"content":{"rendered":"<p>In der Republik Kroatien kann jeder Ausl\u00e4nder ein Unternehmen oder ein Handwerk gr\u00fcnden, was ein bestimmtes Verfahren und fachliche Unterst\u00fctzung erfordert welche wir Ihnen anbieten,damit Sie Ihr Unternehmen in der Republik Kroatien in kurzer Zeit haben k\u00f6nnen.<\/p>\n<p><strong>Bei der Gr\u00fcndung eines Unternehmens in Kroatien, bieten wir alle notwendigen Dienstleistungen an:<\/strong><\/p>\n<ol>\n<li>Bereitstellung aller notwendigen Rechtsdokumente f\u00fcr die Gr\u00fcndung einer Gesellschaft vor dem Handelsgericht und dem staatlichen Ministerium f\u00fcr Statistik.<\/li>\n<li>\u00dcberpr\u00fcfung der Verf\u00fcgbarkeit des Firmennamens.<\/li>\n<li>L\u00f6sung des Firmenzentralesitzes sowie der Gesch\u00e4ftsadresse f\u00fcr die Firmen aus Europ\u00e4ische Union, die als Kontaktadresse f\u00fcr die Kommunikation mit Regierungsstellen dienen wird. Als eine der M\u00f6glichkeiten bieten wir Ihnen auch unsere Adresse als ihr Gesch\u00e4ftsadresse f\u00fcr Kontaktadresse mit der vertraglichen j\u00e4hrlichen Vertragsgeb\u00fchr an.<\/li>\n<li>Vorbereitung der Unterlagen beim Notar.<\/li>\n<li>Vorbereitung und Zahlung des Grundkapitals f\u00fcr GmbH betr\u00e4gt 20.000,00 Kuna, und f\u00fcr eine Einfache GmbH betr\u00e4gt 10,00 Kuna.<\/li>\n<li>Unterst\u00fctzung bei der Auswahl einer Gesch\u00e4ftsbank und Er\u00f6ffnung eines Gesch\u00e4ftskontos.<\/li>\n<li>Wir bieten Ihnen unsere Buchhaltungdienstleistungen und verfolgen f\u00fcr Sie Ihr gesamtes Gesch\u00e4ft, die in zwei Sprachen sein k\u00f6nnen, kroatische oder deutsche Sprache, mit monatlichen und j\u00e4hrlichen Berichten und Bilanzen sowie deutschen Gewinn- und Verlustrechnungen.<br \/>\nWir bieten Ihnen auch einen Jahresbericht mit Graphen aller Einnahmen und Ausgaben an, in Englisch,f\u00fcr Sie oder Ihre Muttergesellschaf.<\/li>\n<li>Erstellung einer pers\u00f6nlichen Identifikationsnummer ( OIB )<\/li>\n<li>Erstellung einer Umsatzsteuer-Identifikationsnummer f\u00fcr das Unternehmen, Umsatzsteuer-Identifikationsnummer und EOR-Nummer f\u00fcr das Unternehmen.<\/li>\n<li>Aufenthaltsgenehmigung und Arbeitsgenehmigung,falls Sie Drittlandarbeiter sind, m\u00fcssen Sie selbst anfordern,abh\u00e4ngig davon ob Sie die Anforderungen und bestimmte Quote nach den Gesetzen Republik Kroatine erf\u00fcllen .<\/li>\n<\/ol>\n<p>&nbsp;<\/p>\n","protected":false},"excerpt":{"rendered":"<p>In der Republik Kroatien kann jeder Ausl\u00e4nder ein Unternehmen oder ein Handwerk gr\u00fcnden, was ein bestimmtes Verfahren und fachliche Unterst\u00fctzung erfordert welche wir Ihnen anbieten,damit Sie Ihr Unternehmen in der Republik Kroatien in kurzer Zeit haben k\u00f6nnen. Bei der Gr\u00fcndung eines Unternehmens in Kroatien, bieten wir alle notwendigen Dienstleistungen an: Bereitstellung aller notwendigen Rechtsdokumente f\u00fcr [&hellip;]<\/p>\n","protected":false},"author":3,"featured_media":0,"parent":897,"menu_order":0,"comment_status":"closed","ping_status":"closed","template":"","meta":{"footnotes":""},"class_list":["post-1164","page","type-page","status-publish","hentry"],"aioseo_notices":[],"_links":{"self":[{"href":"https:\/\/maranatha.hr\/de\/wp-json\/wp\/v2\/pages\/1164","targetHints":{"allow":["GET"]}}],"collection":[{"href":"https:\/\/maranatha.hr\/de\/wp-json\/wp\/v2\/pages"}],"about":[{"href":"https:\/\/maranatha.hr\/de\/wp-json\/wp\/v2\/types\/page"}],"author":[{"embeddable":true,"href":"https:\/\/maranatha.hr\/de\/wp-json\/wp\/v2\/users\/3"}],"replies":[{"embeddable":true,"href":"https:\/\/maranatha.hr\/de\/wp-json\/wp\/v2\/comments?post=1164"}],"version-history":[{"count":5,"href":"https:\/\/maranatha.hr\/de\/wp-json\/wp\/v2\/pages\/1164\/revisions"}],"predecessor-version":[{"id":1228,"href":"https:\/\/maranatha.hr\/de\/wp-json\/wp\/v2\/pages\/1164\/revisions\/1228"}],"up":[{"embeddable":true,"href":"https:\/\/maranatha.hr\/de\/wp-json\/wp\/v2\/pages\/897"}],"wp:attachment":[{"href":"https:\/\/maranatha.hr\/de\/wp-json\/wp\/v2\/media?parent=1164"}],"curies":[{"name":"wp","href":"https:\/\/api.w.org\/{rel}","templated":true}]}}