{"id":895,"date":"2012-08-31T20:31:10","date_gmt":"2012-08-31T20:31:10","guid":{"rendered":"http:\/\/maranatha.com.hr\/uber-uns\/"},"modified":"2018-11-27T13:41:25","modified_gmt":"2018-11-27T12:41:25","slug":"uber-uns","status":"publish","type":"page","link":"https:\/\/maranatha.hr\/de\/uber-uns\/","title":{"rendered":"\u00dcber uns"},"content":{"rendered":"<div class=\"woo-sc-box custom-icon info  rounded full\" style=\"padding-left:50px;background-image:url( https:\/\/maranatha.hr\/wp\/wp-content\/uploads\/2012\/09\/info.png ); background-repeat:no-repeat; background-position:20px 45%;\">\n<p style=\"padding-left: 30px\">Wir sind spezialisiert auf Buchf\u00fchrungsleistungen f\u00fcr internationale, in Kroatien t\u00e4tige Unternehmen und bieten prompte und qualitativ hochwertige Buchf\u00fchrung in deutscher oder kroatischer Sprache nach kroatischen Standards.<\/p>\n<\/div>\n<p>Durch unsere langj\u00e4hrige Zusammenarbeit mit Firmen in Deutschland, \u00d6sterreich und anderen L\u00e4ndern besitzen wir gro\u00dfe Erfahrung in der Erstellung von Bilanzen, GuV und Verm\u00f6gungsanalysen auch in deutscher Version.<\/p>\n<div id=\"attachment_614\" style=\"width: 310px\" class=\"wp-caption alignleft\"><a href=\"http:\/\/maranatha.com.hr\/o-nama\/uber-uns\/\" rel=\"attachment wp-att-614\"><img loading=\"lazy\" decoding=\"async\" aria-describedby=\"caption-attachment-614\" class=\"size-medium wp-image-614 \" title=\"Buchhaltung\" src=\"https:\/\/maranatha.hr\/wp\/wp-content\/uploads\/2012\/08\/uber-uns-300x225.jpg\" alt=\"Buchhaltung\" width=\"300\" height=\"225\" srcset=\"https:\/\/maranatha.hr\/wp\/wp-content\/uploads\/2012\/08\/uber-uns-300x225.jpg 300w, https:\/\/maranatha.hr\/wp\/wp-content\/uploads\/2012\/08\/uber-uns.jpg 498w\" sizes=\"auto, (max-width: 300px) 100vw, 300px\" \/><\/a><p id=\"caption-attachment-614\" class=\"wp-caption-text\">Buchf\u00fchrung in deutscher Sprache nach kroatischen Standards<\/p><\/div>\n<p>Durch unsere langj\u00e4hrige Zusammenarbeit mit Firmen in Deutschland, \u00d6sterreich und anderen L\u00e4ndern besitzen wir gro\u00dfe Erfahrung in der Erstellung von Bilanzen, GuV und Verm\u00f6gungsanalysen auch in deutscher Version.<\/p>\n<p>Wir bieten\u00a0Monatsbilanzen und GuV mit aktuellen Daten in deutscher oder kroatischer Sprache, so dass Sie immer den \u00dcberblick \u00fcber ihre Gesch\u00e4fte haben.<\/p>\n<p><a href=\"https:\/\/maranatha.hr\/wp\/wp-content\/uploads\/2014\/05\/akcija-knjigovodstvene-usluge.jpg\"><img loading=\"lazy\" decoding=\"async\" class=\"alignnone size-medium wp-image-725\" title=\"Monatsbilanzen\" src=\"https:\/\/maranatha.hr\/wp\/wp-content\/uploads\/2014\/05\/akcija-knjigovodstvene-usluge-300x200.jpg\" alt=\"Monatsbilanzen\" width=\"300\" height=\"200\" srcset=\"https:\/\/maranatha.hr\/wp\/wp-content\/uploads\/2014\/05\/akcija-knjigovodstvene-usluge-300x200.jpg 300w, https:\/\/maranatha.hr\/wp\/wp-content\/uploads\/2014\/05\/akcija-knjigovodstvene-usluge-498x332.jpg 498w, https:\/\/maranatha.hr\/wp\/wp-content\/uploads\/2014\/05\/akcija-knjigovodstvene-usluge.jpg 720w\" sizes=\"auto, (max-width: 300px) 100vw, 300px\" \/><\/a><\/p>\n<p><img loading=\"lazy\" decoding=\"async\" class=\"wp-image-1004 size-full alignleft\" title=\"Silvija Bungi\u0107\" src=\"https:\/\/maranatha.hr\/wp\/wp-content\/uploads\/2014\/10\/maranatha-200px.jpg\" alt=\"Silvija Bungi\u0107\" width=\"200\" height=\"356\" srcset=\"https:\/\/maranatha.hr\/wp\/wp-content\/uploads\/2014\/10\/maranatha-200px.jpg 200w, https:\/\/maranatha.hr\/wp\/wp-content\/uploads\/2014\/10\/maranatha-200px-168x300.jpg 168w\" sizes=\"auto, (max-width: 200px) 100vw, 200px\" \/>Gerne beraten und unterst\u00fctzen wir Sie auch bei Entscheidungen der Gesch\u00e4ftsf\u00fchrung.<\/p>\n<p>&nbsp;<\/p>\n<p>&nbsp;<\/p>\n<p>&nbsp;<\/p>\n<p>&nbsp;<\/p>\n<p>&nbsp;<\/p>\n<p>&nbsp;<\/p>\n<p>&nbsp;<\/p>\n<p>&nbsp;<\/p>\n","protected":false},"excerpt":{"rendered":"<p>Durch unsere langj\u00e4hrige Zusammenarbeit mit Firmen in Deutschland, \u00d6sterreich und anderen L\u00e4ndern besitzen wir gro\u00dfe Erfahrung in der Erstellung von Bilanzen, GuV und Verm\u00f6gungsanalysen auch in deutscher Version. Durch unsere langj\u00e4hrige Zusammenarbeit mit Firmen in Deutschland, \u00d6sterreich und anderen L\u00e4ndern besitzen wir gro\u00dfe Erfahrung in der Erstellung von Bilanzen, GuV und Verm\u00f6gungsanalysen auch in deutscher [&hellip;]<\/p>\n","protected":false},"author":3,"featured_media":0,"parent":0,"menu_order":0,"comment_status":"open","ping_status":"closed","template":"","meta":{"footnotes":""},"class_list":["post-895","page","type-page","status-publish","hentry"],"aioseo_notices":[],"_links":{"self":[{"href":"https:\/\/maranatha.hr\/de\/wp-json\/wp\/v2\/pages\/895","targetHints":{"allow":["GET"]}}],"collection":[{"href":"https:\/\/maranatha.hr\/de\/wp-json\/wp\/v2\/pages"}],"about":[{"href":"https:\/\/maranatha.hr\/de\/wp-json\/wp\/v2\/types\/page"}],"author":[{"embeddable":true,"href":"https:\/\/maranatha.hr\/de\/wp-json\/wp\/v2\/users\/3"}],"replies":[{"embeddable":true,"href":"https:\/\/maranatha.hr\/de\/wp-json\/wp\/v2\/comments?post=895"}],"version-history":[{"count":9,"href":"https:\/\/maranatha.hr\/de\/wp-json\/wp\/v2\/pages\/895\/revisions"}],"predecessor-version":[{"id":1246,"href":"https:\/\/maranatha.hr\/de\/wp-json\/wp\/v2\/pages\/895\/revisions\/1246"}],"wp:attachment":[{"href":"https:\/\/maranatha.hr\/de\/wp-json\/wp\/v2\/media?parent=895"}],"curies":[{"name":"wp","href":"https:\/\/api.w.org\/{rel}","templated":true}]}}