{"id":897,"date":"2012-08-31T20:37:45","date_gmt":"2012-08-31T20:37:45","guid":{"rendered":"http:\/\/maranatha.com.hr\/dienstleistungen\/"},"modified":"2015-02-16T10:44:52","modified_gmt":"2015-02-16T09:44:52","slug":"dienstleistungen","status":"publish","type":"page","link":"https:\/\/maranatha.hr\/de\/dienstleistungen\/","title":{"rendered":"Dienstleistungen"},"content":{"rendered":"<p>Unsere Dienstleistungen lassen sich in drei breit gefasste Kategorien aufgliedern:<\/p>\n<div class=\"woo-sc-box custom-icon info  rounded full\" style=\"padding-left:50px;background-image:url( https:\/\/maranatha.hr\/wp\/wp-content\/uploads\/2012\/09\/usluge.png ); background-repeat:no-repeat; background-position:20px 45%;\">\n<ul style=\"padding-left: 55px;padding-top: 10px\">\n<li>Unternehmensgr\u00fcndung<\/li>\n<li>Buchf\u00fchrung<\/li>\n<li>Lohnabrechnung<\/li>\n<\/ul>\n<\/div>\n<h1>Unternehmensgr\u00fcndung<\/h1>\n<p>Wir bieten\u00a0 Dienstleistungen, die f\u00fcr die\u00a0 Unternehmensgr\u00fcndungen jeglicher Rechtsform erforderlich sind, stets mit dem Ziel im Blick, die laufenden Betriebskosten und den b\u00fcrokratischen Aufwand f\u00fcr unseren Mandanten m\u00f6glichst niedrig zu halten.<\/p>\n<ul>\n<li>Sie k\u00f6nnen jetzt ihre Firma schnell gr\u00fcnden \u00fcber HITRO hr oder\u00a0 wir empfehlen\u00a0 ihnen einen kompetenten Anwalt<\/li>\n<li>Die Er\u00f6ffnung von Bankkonten, insbesondere der Hauptbankverbindung, welche die Best\u00e4tigung \u00fcber die Einzahlung des Stammkapitals erstellt<\/li>\n<li>Registrierung im Mehrwertsteuersystem<\/li>\n<\/ul>\n<h1>Buchf\u00fchrung<\/h1>\n<p><a href=\"https:\/\/maranatha.hr\/wp\/wp-content\/uploads\/2014\/05\/akcija-knjigovodstvene-usluge.jpg\"><img loading=\"lazy\" decoding=\"async\" class=\"alignleft size-medium wp-image-283\" title=\"Buchfurung\" src=\"https:\/\/maranatha.hr\/wp\/wp-content\/uploads\/2014\/05\/akcija-knjigovodstvene-usluge-300x200.jpg\" alt=\"Buchfurung\" width=\"300\" height=\"225\" \/><\/a><\/p>\n<p>Wir bieten das volle Spektrum von Finanz- und Personalbuchf\u00fchrung an \u2013 sind aber auch in der Lage, ihnen bei den differenziertesten Anforderungen in Kostenrechnung oder im Konzernberichtswesen zu helfen.<\/p>\n<p>Wir k\u00f6nnen folgende Dienstleistungen anbieten:<\/p>\n<ul>\n<li>Verbuchen der Eingangs -, u. Ausgangsrechnungen<\/li>\n<li>Kuna,- u. Devisenkontof\u00fchrung bei Ihrer Bank<\/li>\n<li>Kassenf\u00fchrung<\/li>\n<li>Abrechnung der monatlichen oder dreimonatigen PDV- Abrechnung<\/li>\n<li>Abrechnung Quartal und Jahresstatistik<\/li>\n<li>Jahresabschluss in deutscher\u00a0 Sprache<\/li>\n<li>Vorbereitung der Dokumentation f\u00fcr Onlinebanking<\/li>\n<li>Monatlicher Ausdruck der Balance und Rechnung der Gewinn und Verlust\u00a0 in kroatischer und deutscher Sprache senden ( andere Firmen verf\u00fcgen nicht \u00fcber\u00a0 diesen Service)<\/li>\n<li>Ausdruck offener Posten f\u00fcr Kunden und Lieferanten<\/li>\n<li>Ausf\u00fcllung der Bilanzen, Verlust u. Gewinnrechnungen, Paket f\u00fcr ausl\u00e4ndischen Inhaber oder Konzern<\/li>\n<\/ul>\n<p><a href=\"https:\/\/maranatha.hr\/wp\/wp-content\/uploads\/2012\/08\/P9250153-kop.jpg\"><img loading=\"lazy\" decoding=\"async\" class=\"alignnone size-medium wp-image-451\" title=\"Buchfuerung\" src=\"https:\/\/maranatha.hr\/wp\/wp-content\/uploads\/2012\/08\/P9250153-kop-300x225.jpg\" alt=\"Buchfuerung\" width=\"300\" height=\"225\" \/><\/a><\/p>\n<h1>Lohnabrechnung<\/h1>\n<ul>\n<li>Gehaltsabrechnungen und Zustellung der Begleitdokumentation zur Gehaltsabrechnung<\/li>\n<li>M4 Formular Abrechnung nach Dienstzeit<\/li>\n<\/ul>\n<p>Wie erfolgreich diese Entscheidungen sind, h\u00e4ngt aber nicht allein von der eigenen Leistungsf\u00e4higkeit ab, sondern auch davon, wie gut ein beratender Partner ist.<\/p>\n","protected":false},"excerpt":{"rendered":"<p>Unsere Dienstleistungen lassen sich in drei breit gefasste Kategorien aufgliedern: Unternehmensgr\u00fcndung Wir bieten\u00a0 Dienstleistungen, die f\u00fcr die\u00a0 Unternehmensgr\u00fcndungen jeglicher Rechtsform erforderlich sind, stets mit dem Ziel im Blick, die laufenden Betriebskosten und den b\u00fcrokratischen Aufwand f\u00fcr unseren Mandanten m\u00f6glichst niedrig zu halten. Sie k\u00f6nnen jetzt ihre Firma schnell gr\u00fcnden \u00fcber HITRO hr oder\u00a0 wir empfehlen\u00a0 [&hellip;]<\/p>\n","protected":false},"author":3,"featured_media":0,"parent":0,"menu_order":0,"comment_status":"open","ping_status":"closed","template":"","meta":{"footnotes":""},"class_list":["post-897","page","type-page","status-publish","hentry"],"aioseo_notices":[],"_links":{"self":[{"href":"https:\/\/maranatha.hr\/de\/wp-json\/wp\/v2\/pages\/897","targetHints":{"allow":["GET"]}}],"collection":[{"href":"https:\/\/maranatha.hr\/de\/wp-json\/wp\/v2\/pages"}],"about":[{"href":"https:\/\/maranatha.hr\/de\/wp-json\/wp\/v2\/types\/page"}],"author":[{"embeddable":true,"href":"https:\/\/maranatha.hr\/de\/wp-json\/wp\/v2\/users\/3"}],"replies":[{"embeddable":true,"href":"https:\/\/maranatha.hr\/de\/wp-json\/wp\/v2\/comments?post=897"}],"version-history":[{"count":2,"href":"https:\/\/maranatha.hr\/de\/wp-json\/wp\/v2\/pages\/897\/revisions"}],"predecessor-version":[{"id":1082,"href":"https:\/\/maranatha.hr\/de\/wp-json\/wp\/v2\/pages\/897\/revisions\/1082"}],"wp:attachment":[{"href":"https:\/\/maranatha.hr\/de\/wp-json\/wp\/v2\/media?parent=897"}],"curies":[{"name":"wp","href":"https:\/\/api.w.org\/{rel}","templated":true}]}}