{"id":901,"date":"2014-05-06T14:47:04","date_gmt":"2014-05-06T13:47:04","guid":{"rendered":"http:\/\/maranatha.com.hr\/klienten-uber-uns\/"},"modified":"2022-09-21T10:11:22","modified_gmt":"2022-09-21T09:11:22","slug":"klienten-uber-uns","status":"publish","type":"page","link":"https:\/\/maranatha.hr\/de\/klienten-uber-uns\/","title":{"rendered":"Klienten \u00fcber uns"},"content":{"rendered":"<blockquote><p>Wir sind mit der T\u00e4tigkeit und Kompetenz von Frau Silvija Bungic \u00e4u\u00dferst zufrieden, mit Ihr hat man einfach ein sehr gutes Vertrauen f\u00fcr die Zusammenarbeit.<\/p><\/blockquote>\n<p><strong>ACHORNER d.o.o.<\/strong>\u00a0 (Muttergesellschaft IPAS Achorner OG)<\/p>\n<blockquote><p>Als globaler Unternehmer und Gr\u00fcnder von Start-Up Firmen, ist es essenziell in den ersten Jahren die Kostenstruktur schlank zu halten. Infolgedessen habe ich f\u00fcr mein kroatisches Start-up Unternehmen Frau Bungic mandatiert. Die Zusammenarbeit war immer sehr professionell, effizient und zielf\u00fchrend. Mit Hilfe von Frau Bungic lief die Betriebspr\u00fcfung mit den kroatischen \u00c4mtern sehr reibungslos und angenehm ab; somit kann man sich als Unternehmer auf das wesentliche fokussieren.<br \/>\nFrau Bungic und Ihr Team empfehle ich sehr gerne weiter.<\/p><\/blockquote>\n<p><strong>\u017deljko Tipuri\u0107<\/strong>, Global engineering &amp; Construction d.o.o., 24.08.2021.<\/p>\n<blockquote><p>Seit 2003 hat Frau Silvija Bungic die gesamte Buchhaltung und Berichtslegung f\u00fcr unser Unternehmen erledigt und hat unser Unternehmen in s\u00e4mtlichen Finanz-, Beh\u00f6rden- und Bankangelegenheiten in Kroatien bestens beraten, vertreten und unterst\u00fctzt. Ihre Arbeit hat sie mit hohem Ma\u00df an Kompetenz und Professionalit\u00e4t und stets zu unserer vollsten Zufriedenheit und viel Engagement bew\u00e4ltigt. Wir haben sie als bestens informierte, vorausdenkende, verantwortungsvolle und immer zuverl\u00e4ssige Person kennen und sch\u00e4tzen gelernt. Wir bedanken uns f\u00fcr die Unterst\u00fctzung \u00fcber die letzten elf Jahre und empfehlen sie herzlich weiter!<\/p><\/blockquote>\n<p><strong>Mag. Lejla Pock<\/strong>, <a title=\" Austin, Pock &amp; Partners\" href=\"http:\/\/www.austin.de\" target=\"_blank\" rel=\"noopener\">Austin, Pock &amp; Partners GmbH<\/a><\/p>\n<blockquote><p>Da ich weder die kroatischen Sprache beherrsche noch die kroatischen \u00c4mtern, Gesetzen, Tarifen und Steuern kenne,bin ich sehr froh, dass all diese Belange Frau Bungic f\u00fcr mich \u00fcbernimmt. Somit ist in der Buchhaltung meiner Firma immer alles korrekt und ich brauch mir keine Sorgen und Gedanken um Steuern etc. zu machen!<\/p><\/blockquote>\n<p><strong>Gerhard Putz, <\/strong><a title=\"gp-consult\" href=\"http:\/\/www.gp-consult.at\" target=\"_blank\" rel=\"noopener\"> gp-consult<\/a><\/p>\n<blockquote><p>Frau Bungic erledigt f\u00fcr unser Unternehmen folgende T\u00e4tigkeiten seit mehreren Jahr zur vollsten Zufriedenheit: Buchhaltung, Erstellung von Bilanzen, Beratung und Vertretung in Steuersachen, Bearbeitung von Steuerangelegenheiten (Einkommenssteuererkl\u00e4rung, K\u00f6rperschaftssteuererkl\u00e4rungen, Gewerbesteuererkl\u00e4rungen, Umsatzsteuerjahreserkl\u00e4rungen, Gewerbesteuererkl\u00e4rungen sowie Erbschaftssteuererkl\u00e4rungen und Schenkungssteuererkl\u00e4rungen) und Steueranmeldungen (Lohnsteuer, Kapitalertragssteueranmeldung und Umsatzsteuervoranmeldung), Erledigung von Beh\u00f6rden und Bankwegen. Wir danken f\u00fcr die professionelle Unterst\u00fctzung.<\/p><\/blockquote>\n<p><strong>Janisch Robert<\/strong>, <a title=\"REMA Handels\" href=\"http:\/\/rema-gmbh.at\" target=\"_blank\" rel=\"noopener\">REMA Handels GmbH<\/a><\/p>\n<blockquote><p>Frau Bungi\u0107 macht die gesamte Unternehmensbuchhaltung schon seit einigen Jahren f\u00fcr unsere Firma. Sie ist dabei sehr gr\u00fcndlich und immer am neuesten Informationsstand was in Kroatien sehr wichtig ist. Dadurch hat sie uns schon einiges an Abgaben erspart.<\/p><\/blockquote>\n<p><strong>Martin Kempf<\/strong>, Blue C Yachting d.o.o.<\/p>\n","protected":false},"excerpt":{"rendered":"<p>Wir sind mit der T\u00e4tigkeit und Kompetenz von Frau Silvija Bungic \u00e4u\u00dferst zufrieden, mit Ihr hat man einfach ein sehr gutes Vertrauen f\u00fcr die Zusammenarbeit. ACHORNER d.o.o.\u00a0 (Muttergesellschaft IPAS Achorner OG) Als globaler Unternehmer und Gr\u00fcnder von Start-Up Firmen, ist es essenziell in den ersten Jahren die Kostenstruktur schlank zu halten. Infolgedessen habe ich f\u00fcr [&hellip;]<\/p>\n","protected":false},"author":3,"featured_media":0,"parent":0,"menu_order":0,"comment_status":"open","ping_status":"closed","template":"template-fullwidth.php","meta":{"footnotes":""},"class_list":["post-901","page","type-page","status-publish","hentry"],"aioseo_notices":[],"_links":{"self":[{"href":"https:\/\/maranatha.hr\/de\/wp-json\/wp\/v2\/pages\/901","targetHints":{"allow":["GET"]}}],"collection":[{"href":"https:\/\/maranatha.hr\/de\/wp-json\/wp\/v2\/pages"}],"about":[{"href":"https:\/\/maranatha.hr\/de\/wp-json\/wp\/v2\/types\/page"}],"author":[{"embeddable":true,"href":"https:\/\/maranatha.hr\/de\/wp-json\/wp\/v2\/users\/3"}],"replies":[{"embeddable":true,"href":"https:\/\/maranatha.hr\/de\/wp-json\/wp\/v2\/comments?post=901"}],"version-history":[{"count":3,"href":"https:\/\/maranatha.hr\/de\/wp-json\/wp\/v2\/pages\/901\/revisions"}],"predecessor-version":[{"id":1273,"href":"https:\/\/maranatha.hr\/de\/wp-json\/wp\/v2\/pages\/901\/revisions\/1273"}],"wp:attachment":[{"href":"https:\/\/maranatha.hr\/de\/wp-json\/wp\/v2\/media?parent=901"}],"curies":[{"name":"wp","href":"https:\/\/api.w.org\/{rel}","templated":true}]}}